{"id":569,"date":"2019-08-27T10:28:39","date_gmt":"2019-08-27T08:28:39","guid":{"rendered":"http:\/\/www.myhks.de\/sp\/?page_id=569"},"modified":"2026-04-19T08:57:06","modified_gmt":"2026-04-19T06:57:06","slug":"myhks","status":"publish","type":"page","link":"https:\/\/www.myhks.de\/sp\/","title":{"rendered":"myHKS"},"content":{"rendered":"<p><a href=\"https:\/\/www.myhks.de\/sp\/wp-content\/uploads\/2019\/08\/mhks-scrnr-start.jpg\"><img loading=\"lazy\" decoding=\"async\" class=\"wp-image-599 alignright\" src=\"https:\/\/www.myhks.de\/sp\/wp-content\/uploads\/2019\/08\/mhks-scrnr-start-240x300.jpg\" alt=\"\" width=\"331\" height=\"414\" srcset=\"https:\/\/www.myhks.de\/sp\/wp-content\/uploads\/2019\/08\/mhks-scrnr-start-240x300.jpg 240w, https:\/\/www.myhks.de\/sp\/wp-content\/uploads\/2019\/08\/mhks-scrnr-start-819x1024.jpg 819w, https:\/\/www.myhks.de\/sp\/wp-content\/uploads\/2019\/08\/mhks-scrnr-start-768x960.jpg 768w, https:\/\/www.myhks.de\/sp\/wp-content\/uploads\/2019\/08\/mhks-scrnr-start-1229x1536.jpg 1229w, https:\/\/www.myhks.de\/sp\/wp-content\/uploads\/2019\/08\/mhks-scrnr-start-1638x2048.jpg 1638w, https:\/\/www.myhks.de\/sp\/wp-content\/uploads\/2019\/08\/mhks-scrnr-start-16x20.jpg 16w, https:\/\/www.myhks.de\/sp\/wp-content\/uploads\/2019\/08\/mhks-scrnr-start.jpg 1900w\" sizes=\"auto, (max-width: 331px) 100vw, 331px\" \/><\/a><\/p>\n<h1>Willkommen bei myHKS<\/h1>\n<h2>Ihr Portal f\u00fcr Industrial IT, Automatisierung und Support<\/h2>\n<p>myHKS b\u00fcndelt Fachwissen, Projekterfahrung und technischen Support f\u00fcr Unternehmen aus Industrie, IT und OT.<\/p>\n<p>Wir begleiten Sie von der Planung bis zum Betrieb \u2013 zuverl\u00e4ssig, praxisnah und l\u00f6sungsorientiert.<\/p>\n<hr \/>\n<h2>Heads<\/h2>\n<p><strong>Erfahrung, die tr\u00e4gt.<\/strong><\/p>\n<p>Unsere Spezialisten unterst\u00fctzen Sie bei Automatisierung, IT-Systemen und Cybersecurity \u2013 von der Analyse bis zur Umsetzung.<\/p>\n<hr \/>\n<h2>Knowledge<\/h2>\n<p><strong>Wissen, das weiterbringt.<\/strong><\/p>\n<p>Seminare, Workshops und Beratung aus realen Projekten \u2013 verst\u00e4ndlich und direkt anwendbar.<\/p>\n<hr \/>\n<h2>Support<\/h2>\n<p><strong>Schnelle und zuverl\u00e4ssige Unterst\u00fctzung.<\/strong><\/p>\n<p>Direkter Zugang zu Experten, klare Prozesse und schnelle Reaktionszeiten f\u00fcr Ihre Systeme.<\/p>\n<hr \/>\n<h2>HKS \u2013 Heads. Knowledge. Support.<\/h2>\n<p>Ihr Partner f\u00fcr Industrial IT, OT und sichere Systeme.<\/p>\n<p><strong>Telefon: 0201 \/ 3643717 &#8211;\u00a0<\/strong><strong>Fax: 0201 \/ 3643718 &#8211;\u00a0<\/strong><strong>Email: mail@myhks.de<\/strong><\/p>\n","protected":false},"excerpt":{"rendered":"<p>Willkommen bei myHKS Ihr Portal f\u00fcr Industrial IT, Automatisierung und Support myHKS b\u00fcndelt Fachwissen, Projekterfahrung und technischen Support f\u00fcr Unternehmen<\/p>\n","protected":false},"author":1,"featured_media":0,"parent":0,"menu_order":0,"comment_status":"closed","ping_status":"closed","template":"","meta":{"footnotes":""},"class_list":["post-569","page","type-page","status-publish","hentry","comments-off"],"_links":{"self":[{"href":"https:\/\/www.myhks.de\/sp\/wp-json\/wp\/v2\/pages\/569","targetHints":{"allow":["GET"]}}],"collection":[{"href":"https:\/\/www.myhks.de\/sp\/wp-json\/wp\/v2\/pages"}],"about":[{"href":"https:\/\/www.myhks.de\/sp\/wp-json\/wp\/v2\/types\/page"}],"author":[{"embeddable":true,"href":"https:\/\/www.myhks.de\/sp\/wp-json\/wp\/v2\/users\/1"}],"replies":[{"embeddable":true,"href":"https:\/\/www.myhks.de\/sp\/wp-json\/wp\/v2\/comments?post=569"}],"version-history":[{"count":8,"href":"https:\/\/www.myhks.de\/sp\/wp-json\/wp\/v2\/pages\/569\/revisions"}],"predecessor-version":[{"id":1055,"href":"https:\/\/www.myhks.de\/sp\/wp-json\/wp\/v2\/pages\/569\/revisions\/1055"}],"wp:attachment":[{"href":"https:\/\/www.myhks.de\/sp\/wp-json\/wp\/v2\/media?parent=569"}],"curies":[{"name":"wp","href":"https:\/\/api.w.org\/{rel}","templated":true}]}}